{"id":482,"date":"2025-08-24T20:42:48","date_gmt":"2025-08-25T01:42:48","guid":{"rendered":"https:\/\/wasai.com\/?page_id=482"},"modified":"2025-11-25T02:20:36","modified_gmt":"2025-11-25T07:20:36","slug":"special-tours","status":"publish","type":"page","link":"https:\/\/wasai.com\/es\/special-tours\/","title":{"rendered":"PROGRAMAS ESPECIALES"},"content":{"rendered":"<div data-elementor-type=\"wp-page\" data-elementor-id=\"482\" class=\"elementor elementor-482\" data-elementor-post-type=\"page\">\n\t\t\t\t<div class=\"elementor-element elementor-element-2dd57c4 e-con-full e-flex e-con e-parent\" data-id=\"2dd57c4\" data-element_type=\"container\" data-e-type=\"container\" data-settings=\"{&quot;background_background&quot;:&quot;classic&quot;}\">\n\t\t\t\t<\/div>\n\t\t<div class=\"elementor-element elementor-element-a100657 animated-slow e-flex e-con-boxed elementor-invisible e-con e-parent\" data-id=\"a100657\" data-element_type=\"container\" data-e-type=\"container\" data-settings=\"{&quot;animation&quot;:&quot;fadeIn&quot;,&quot;animation_delay&quot;:200}\">\n\t\t\t\t\t<div class=\"e-con-inner\">\n\t\t<div class=\"elementor-element elementor-element-71f6a97 e-con-full e-flex e-con e-child\" data-id=\"71f6a97\" data-element_type=\"container\" data-e-type=\"container\">\n\t\t\t\t<div class=\"elementor-element elementor-element-6aa91b4 elementor-widget elementor-widget-heading\" data-id=\"6aa91b4\" data-element_type=\"widget\" data-e-type=\"widget\" data-widget_type=\"heading.default\">\n\t\t\t\t\t<h2 class=\"elementor-heading-title elementor-size-default\">Programas especiales\n\n<\/h2>\t\t\t\t<\/div>\n\t\t\t\t<div class=\"elementor-element elementor-element-f7a645b elementor-widget elementor-widget-text-editor\" data-id=\"f7a645b\" data-element_type=\"widget\" data-e-type=\"widget\" data-widget_type=\"text-editor.default\">\n\t\t\t\t\t\t\t\t\t<div id=\"comp-m2avrwp310\" class=\"Z_l5lU ku3DBC zQ9jDz qvSjx3 Vq6kJx comp-m2avrwp310 wixui-rich-text\" data-testid=\"richTextElement\"><p class=\"font_8 wixui-rich-text__text\"><span class=\"wixui-rich-text__text\">Nuestros programas especiales ofrecen experiencias \u00fanicas e inmersivas que trascienden las aventuras tradicionales en la amazon\u00eda. Elige entre excursiones de observaci\u00f3n de aves, guiadas por expertos para encuentros cercanos con las diversas especies de Tambopata, programas educativos dise\u00f1ados para un conocimiento m\u00e1s profundo del ecosistema de la selva y retiros de sanaci\u00f3n con Ayahuasca liderados por chamanes experimentados para una transformaci\u00f3n personal. Cada tour est\u00e1 cuidadosamente dise\u00f1ado para ofrecer una conexi\u00f3n profunda con la belleza, sabidur\u00eda y biodiversidad de la amazon\u00eda peruana.<\/span><\/p><\/div>\t\t\t\t\t\t\t\t<\/div>\n\t\t\t\t<div class=\"elementor-element elementor-element-589602d elementor-align-center elementor-widget elementor-widget-button\" data-id=\"589602d\" data-element_type=\"widget\" data-e-type=\"widget\" data-widget_type=\"button.default\">\n\t\t\t\t\t\t\t\t\t\t<a class=\"elementor-button elementor-button-link elementor-size-sm\" href=\"https:\/\/wasai.com\/es\/contact-us\/\">\n\t\t\t\t\t\t<span class=\"elementor-button-content-wrapper\">\n\t\t\t\t\t\t\t\t\t<span class=\"elementor-button-text\">CONT\u00c1CTANOS<\/span>\n\t\t\t\t\t<\/span>\n\t\t\t\t\t<\/a>\n\t\t\t\t\t\t\t\t<\/div>\n\t\t\t\t<\/div>\n\t\t<div class=\"elementor-element elementor-element-4d790b6 e-con-full animated-slow e-flex elementor-invisible e-con e-child\" data-id=\"4d790b6\" data-element_type=\"container\" data-e-type=\"container\" data-settings=\"{&quot;animation&quot;:&quot;fadeInUp&quot;,&quot;animation_delay&quot;:200}\">\n\t\t\t\t<div class=\"elementor-element elementor-element-87e5ecc elementor-arrows-position-inside elementor-widget elementor-widget-n-carousel\" data-id=\"87e5ecc\" data-element_type=\"widget\" data-e-type=\"widget\" data-settings=\"{&quot;carousel_items&quot;:[{&quot;slide_title&quot;:&quot;Slide #1&quot;,&quot;_id&quot;:&quot;02c4257&quot;},{&quot;slide_title&quot;:&quot;Slide #1&quot;,&quot;_id&quot;:&quot;8b4b7e9&quot;},{&quot;slide_title&quot;:&quot;Slide #1&quot;,&quot;_id&quot;:&quot;6384375&quot;}],&quot;slides_to_show&quot;:&quot;3&quot;,&quot;slides_to_scroll&quot;:&quot;1&quot;,&quot;slides_to_show_tablet&quot;:&quot;2&quot;,&quot;slides_to_show_mobile&quot;:&quot;1&quot;,&quot;autoplay&quot;:&quot;yes&quot;,&quot;autoplay_speed&quot;:5000,&quot;pause_on_hover&quot;:&quot;yes&quot;,&quot;pause_on_interaction&quot;:&quot;yes&quot;,&quot;infinite&quot;:&quot;yes&quot;,&quot;speed&quot;:500,&quot;offset_sides&quot;:&quot;none&quot;,&quot;arrows&quot;:&quot;yes&quot;,&quot;image_spacing_custom&quot;:{&quot;unit&quot;:&quot;px&quot;,&quot;size&quot;:10,&quot;sizes&quot;:[]},&quot;image_spacing_custom_tablet&quot;:{&quot;unit&quot;:&quot;px&quot;,&quot;size&quot;:&quot;&quot;,&quot;sizes&quot;:[]},&quot;image_spacing_custom_mobile&quot;:{&quot;unit&quot;:&quot;px&quot;,&quot;size&quot;:&quot;&quot;,&quot;sizes&quot;:[]}}\" data-widget_type=\"nested-carousel.default\">\n\t\t\t\t\t\t\t<div class=\"e-n-carousel swiper\" role=\"region\" aria-roledescription=\"carousel\" aria-label=\"Carousel\" dir=\"ltr\">\n\t\t\t<div class=\"swiper-wrapper\" aria-live=\"off\">\n\t\t\t\t\t\t\t\t\t\t<div class=\"swiper-slide\" data-slide=\"1\" role=\"group\" aria-roledescription=\"slide\" aria-label=\"1 of 3\">\n\t\t\t\t\t\t\t<div class=\"elementor-element elementor-element-8aba9f7 slider-wrap e-flex e-con-boxed e-con e-child\" data-id=\"8aba9f7\" data-element_type=\"container\" data-e-type=\"container\" data-settings=\"{&quot;background_background&quot;:&quot;classic&quot;,&quot;motion_fx_motion_fx_scrolling&quot;:&quot;yes&quot;,&quot;motion_fx_devices&quot;:[&quot;desktop&quot;,&quot;tablet&quot;,&quot;mobile&quot;]}\">\n\t\t\t\t\t<div class=\"e-con-inner\">\n\t\t\t\t<div class=\"elementor-element elementor-element-4ea0f89 elementor-widget elementor-widget-heading\" data-id=\"4ea0f89\" data-element_type=\"widget\" data-e-type=\"widget\" data-widget_type=\"heading.default\">\n\t\t\t\t\t<h2 class=\"elementor-heading-title elementor-size-default\">Retiros de Ayahuasca<\/h2>\t\t\t\t<\/div>\n\t\t\t\t<div class=\"elementor-element elementor-element-edf1e05 text-editor elementor-widget elementor-widget-text-editor\" data-id=\"edf1e05\" data-element_type=\"widget\" data-e-type=\"widget\" data-widget_type=\"text-editor.default\">\n\t\t\t\t\t\t\t\t\t<p>Experimenta una profunda sanaci\u00f3n al conectar con las tradiciones ancestrales amaz\u00f3nicas en el coraz\u00f3n de la selva peruana, ofreciendo una conexi\u00f3n transformadora con la naturaleza.<\/p><p>Precio: $ -<br \/>Duraci\u00f3n: - D\u00edas \/ - Noches<\/p>\t\t\t\t\t\t\t\t<\/div>\n\t\t\t\t<div class=\"elementor-element elementor-element-2deea11 elementor-widget elementor-widget-button\" data-id=\"2deea11\" data-element_type=\"widget\" data-e-type=\"widget\" data-widget_type=\"button.default\">\n\t\t\t\t\t\t\t\t\t\t<a class=\"elementor-button elementor-button-link elementor-size-sm\" href=\"https:\/\/wasai.com\/es\/ayahuasca-healing-retreats\/\">\n\t\t\t\t\t\t<span class=\"elementor-button-content-wrapper\">\n\t\t\t\t\t\t\t\t\t<span class=\"elementor-button-text\">Explorar<\/span>\n\t\t\t\t\t<\/span>\n\t\t\t\t\t<\/a>\n\t\t\t\t\t\t\t\t<\/div>\n\t\t\t\t\t<\/div>\n\t\t\t\t<\/div>\n\t\t\t\t\t\t\t\t<\/div>\n\t\t\t\t\t\t\t\t\t\t\t<div class=\"swiper-slide\" data-slide=\"2\" role=\"group\" aria-roledescription=\"slide\" aria-label=\"2 of 3\">\n\t\t\t\t\t\t\t<div class=\"elementor-element elementor-element-c9446a1 slider-wrap e-flex e-con-boxed e-con e-child\" data-id=\"c9446a1\" data-element_type=\"container\" data-e-type=\"container\" data-settings=\"{&quot;background_background&quot;:&quot;classic&quot;,&quot;motion_fx_motion_fx_scrolling&quot;:&quot;yes&quot;,&quot;motion_fx_devices&quot;:[&quot;desktop&quot;,&quot;tablet&quot;,&quot;mobile&quot;]}\">\n\t\t\t\t\t<div class=\"e-con-inner\">\n\t\t\t\t<div class=\"elementor-element elementor-element-66f00d0 elementor-widget elementor-widget-heading\" data-id=\"66f00d0\" data-element_type=\"widget\" data-e-type=\"widget\" data-widget_type=\"heading.default\">\n\t\t\t\t\t<h2 class=\"elementor-heading-title elementor-size-default\">Programas Educativos<\/h2>\t\t\t\t<\/div>\n\t\t\t\t<div class=\"elementor-element elementor-element-3b9c7b2 text-editor elementor-widget elementor-widget-text-editor\" data-id=\"3b9c7b2\" data-element_type=\"widget\" data-e-type=\"widget\" data-widget_type=\"text-editor.default\">\n\t\t\t\t\t\t\t\t\t<p>Talleres enfocados en la conservaci\u00f3n, dise\u00f1ados para estudiantes de secundaria y universidad, as\u00ed como grupos interesados en explorar este ecosistema \u00fanico.<br \/><br \/>Precio: $ -<br \/>Duraci\u00f3n: - D\u00edas \/ - Noches<\/p>\t\t\t\t\t\t\t\t<\/div>\n\t\t\t\t<div class=\"elementor-element elementor-element-e8e80d6 elementor-widget elementor-widget-button\" data-id=\"e8e80d6\" data-element_type=\"widget\" data-e-type=\"widget\" data-widget_type=\"button.default\">\n\t\t\t\t\t\t\t\t\t\t<a class=\"elementor-button elementor-button-link elementor-size-sm\" href=\"https:\/\/wasai.com\/es\/educational-programs\/\">\n\t\t\t\t\t\t<span class=\"elementor-button-content-wrapper\">\n\t\t\t\t\t\t\t\t\t<span class=\"elementor-button-text\">Explorar<\/span>\n\t\t\t\t\t<\/span>\n\t\t\t\t\t<\/a>\n\t\t\t\t\t\t\t\t<\/div>\n\t\t\t\t\t<\/div>\n\t\t\t\t<\/div>\n\t\t\t\t\t\t\t\t<\/div>\n\t\t\t\t\t\t\t\t\t\t\t<div class=\"swiper-slide\" data-slide=\"3\" role=\"group\" aria-roledescription=\"slide\" aria-label=\"3 of 3\">\n\t\t\t\t\t\t\t<div class=\"elementor-element elementor-element-88a130b slider-wrap e-flex e-con-boxed e-con e-child\" data-id=\"88a130b\" data-element_type=\"container\" data-e-type=\"container\" data-settings=\"{&quot;background_background&quot;:&quot;classic&quot;,&quot;motion_fx_motion_fx_scrolling&quot;:&quot;yes&quot;,&quot;motion_fx_devices&quot;:[&quot;desktop&quot;,&quot;tablet&quot;,&quot;mobile&quot;]}\">\n\t\t\t\t\t<div class=\"e-con-inner\">\n\t\t\t\t<div class=\"elementor-element elementor-element-824fe7c elementor-widget elementor-widget-heading\" data-id=\"824fe7c\" data-element_type=\"widget\" data-e-type=\"widget\" data-widget_type=\"heading.default\">\n\t\t\t\t\t<h2 class=\"elementor-heading-title elementor-size-default\">Tours de Avistamiento de Aves<\/h2>\t\t\t\t<\/div>\n\t\t\t\t<div class=\"elementor-element elementor-element-5a4fa2a text-editor elementor-widget elementor-widget-text-editor\" data-id=\"5a4fa2a\" data-element_type=\"widget\" data-e-type=\"widget\" data-widget_type=\"text-editor.default\">\n\t\t\t\t\t\t\t\t\t<p>Explora la vibrante vida aviar del Amazonas en nuestros tours de observaci\u00f3n de aves hechos a medida. \u00danete a gu\u00edas expertos para avistar diversas especies de aves en la exuberante selva tropical.\n\nPrecio: $ -\nDuraci\u00f3n: - d\u00edas \/ - noches<br \/><br \/>Precio: $ -<br \/>Duraci\u00f3n: - D\u00edas \/ - Noches<\/p>\t\t\t\t\t\t\t\t<\/div>\n\t\t\t\t<div class=\"elementor-element elementor-element-7f739b4 elementor-widget elementor-widget-button\" data-id=\"7f739b4\" data-element_type=\"widget\" data-e-type=\"widget\" data-widget_type=\"button.default\">\n\t\t\t\t\t\t\t\t\t\t<a class=\"elementor-button elementor-button-link elementor-size-sm\" href=\"https:\/\/wasai.com\/es\/birdwatching-tours\/\">\n\t\t\t\t\t\t<span class=\"elementor-button-content-wrapper\">\n\t\t\t\t\t\t\t\t\t<span class=\"elementor-button-text\">Explorar<\/span>\n\t\t\t\t\t<\/span>\n\t\t\t\t\t<\/a>\n\t\t\t\t\t\t\t\t<\/div>\n\t\t\t\t\t<\/div>\n\t\t\t\t<\/div>\n\t\t\t\t\t\t\t\t<\/div>\n\t\t\t\t\t\t\t\t<\/div>\n\t\t<\/div>\n\t\t\t\t\t<div class=\"elementor-swiper-button elementor-swiper-button-prev\" role=\"button\" tabindex=\"0\" aria-label=\"Anterior\">\n\t\t\t\t<svg aria-hidden=\"true\" class=\"e-font-icon-svg e-eicon-chevron-left\" viewbox=\"0 0 1000 1000\" xmlns=\"http:\/\/www.w3.org\/2000\/svg\"><path d=\"M646 125C629 125 613 133 604 142L308 442C296 454 292 471 292 487 292 504 296 521 308 533L604 854C617 867 629 875 646 875 663 875 679 871 692 858 704 846 713 829 713 812 713 796 708 779 692 767L438 487 692 225C700 217 708 204 708 187 708 171 704 154 692 142 675 129 663 125 646 125Z\"><\/path><\/svg>\t\t\t<\/div>\n\t\t\t<div class=\"elementor-swiper-button elementor-swiper-button-next\" role=\"button\" tabindex=\"0\" aria-label=\"Siguiente\">\n\t\t\t\t<svg aria-hidden=\"true\" class=\"e-font-icon-svg e-eicon-chevron-right\" viewbox=\"0 0 1000 1000\" xmlns=\"http:\/\/www.w3.org\/2000\/svg\"><path d=\"M696 533C708 521 713 504 713 487 713 471 708 454 696 446L400 146C388 133 375 125 354 125 338 125 325 129 313 142 300 154 292 171 292 187 292 204 296 221 308 233L563 492 304 771C292 783 288 800 288 817 288 833 296 850 308 863 321 871 338 875 354 875 371 875 388 867 400 854L696 533Z\"><\/path><\/svg>\t\t\t<\/div>\n\t\t\t\t\t\t<\/div>\n\t\t\t\t<\/div>\n\t\t\t\t\t<\/div>\n\t\t\t\t<\/div>\n\t\t\t\t<\/div>","protected":false},"excerpt":{"rendered":"<p>SPECIAL TOURS\u200b Our Special Tours offer unique, immersive experiences that go beyond traditional Amazon adventures. Choose from expertly guided birdwatching tours for close encounters with Tambopata&#8217;s diverse avian species, educational programs designed for deeper insights into the rainforest ecosystem, and Ayahuasca healing retreats led by experienced shamans for personal transformation. Each tour is thoughtfully crafted [&hellip;]<\/p>","protected":false},"author":1,"featured_media":0,"parent":0,"menu_order":0,"comment_status":"closed","ping_status":"open","template":"","meta":{"footnotes":""},"class_list":["post-482","page","type-page","status-publish","hentry"],"yoast_head":"<!-- This site is optimized with the Yoast SEO plugin v27.4 - https:\/\/yoast.com\/product\/yoast-seo-wordpress\/ -->\n<title>Special Tours - Wasai Lodge<\/title>\n<meta name=\"robots\" content=\"index, follow, max-snippet:-1, max-image-preview:large, max-video-preview:-1\" \/>\n<link rel=\"canonical\" href=\"https:\/\/wasai.com\/es\/special-tours\/\" \/>\n<meta property=\"og:locale\" content=\"es_ES\" \/>\n<meta property=\"og:type\" content=\"article\" \/>\n<meta property=\"og:title\" content=\"Special Tours - Wasai Lodge\" \/>\n<meta property=\"og:description\" content=\"SPECIAL TOURS\u200b Our Special Tours offer unique, immersive experiences that go beyond traditional Amazon adventures. Choose from expertly guided birdwatching tours for close encounters with Tambopata&#8217;s diverse avian species, educational programs designed for deeper insights into the rainforest ecosystem, and Ayahuasca healing retreats led by experienced shamans for personal transformation. Each tour is thoughtfully crafted [&hellip;]\" \/>\n<meta property=\"og:url\" content=\"https:\/\/wasai.com\/es\/special-tours\/\" \/>\n<meta property=\"og:site_name\" content=\"Wasai Lodge\" \/>\n<meta property=\"article:publisher\" content=\"https:\/\/www.facebook.com\/wasaiecolodge\/?locale=es_LA\" \/>\n<meta property=\"article:modified_time\" content=\"2025-11-25T07:20:36+00:00\" \/>\n<meta name=\"twitter:card\" content=\"summary_large_image\" \/>\n<meta name=\"twitter:label1\" content=\"Tiempo de lectura\" \/>\n\t<meta name=\"twitter:data1\" content=\"1 minuto\" \/>\n<script type=\"application\/ld+json\" class=\"yoast-schema-graph\">{\"@context\":\"https:\\\/\\\/schema.org\",\"@graph\":[{\"@type\":\"WebPage\",\"@id\":\"https:\\\/\\\/wasai.com\\\/special-tours\\\/\",\"url\":\"https:\\\/\\\/wasai.com\\\/special-tours\\\/\",\"name\":\"Special Tours - Wasai Lodge\",\"isPartOf\":{\"@id\":\"https:\\\/\\\/wasai.com\\\/en\\\/#website\"},\"datePublished\":\"2025-08-25T01:42:48+00:00\",\"dateModified\":\"2025-11-25T07:20:36+00:00\",\"breadcrumb\":{\"@id\":\"https:\\\/\\\/wasai.com\\\/special-tours\\\/#breadcrumb\"},\"inLanguage\":\"es\",\"potentialAction\":[{\"@type\":\"ReadAction\",\"target\":[\"https:\\\/\\\/wasai.com\\\/special-tours\\\/\"]}]},{\"@type\":\"BreadcrumbList\",\"@id\":\"https:\\\/\\\/wasai.com\\\/special-tours\\\/#breadcrumb\",\"itemListElement\":[{\"@type\":\"ListItem\",\"position\":1,\"name\":\"Home\",\"item\":\"https:\\\/\\\/wasai.com\\\/en\\\/\"},{\"@type\":\"ListItem\",\"position\":2,\"name\":\"Special Tours\"}]},{\"@type\":\"WebSite\",\"@id\":\"https:\\\/\\\/wasai.com\\\/en\\\/#website\",\"url\":\"https:\\\/\\\/wasai.com\\\/en\\\/\",\"name\":\"Wasai Lodge\",\"description\":\"\",\"publisher\":{\"@id\":\"https:\\\/\\\/wasai.com\\\/en\\\/#organization\"},\"potentialAction\":[{\"@type\":\"SearchAction\",\"target\":{\"@type\":\"EntryPoint\",\"urlTemplate\":\"https:\\\/\\\/wasai.com\\\/en\\\/?s={search_term_string}\"},\"query-input\":{\"@type\":\"PropertyValueSpecification\",\"valueRequired\":true,\"valueName\":\"search_term_string\"}}],\"inLanguage\":\"es\"},{\"@type\":\"Organization\",\"@id\":\"https:\\\/\\\/wasai.com\\\/en\\\/#organization\",\"name\":\"Wasa\u00cd Lodge\",\"url\":\"https:\\\/\\\/wasai.com\\\/en\\\/\",\"logo\":{\"@type\":\"ImageObject\",\"inLanguage\":\"es\",\"@id\":\"https:\\\/\\\/wasai.com\\\/en\\\/#\\\/schema\\\/logo\\\/image\\\/\",\"url\":\"https:\\\/\\\/wasai.com\\\/wp-content\\\/uploads\\\/2026\\\/01\\\/favicon-wasai.webp\",\"contentUrl\":\"https:\\\/\\\/wasai.com\\\/wp-content\\\/uploads\\\/2026\\\/01\\\/favicon-wasai.webp\",\"width\":500,\"height\":500,\"caption\":\"Wasa\u00cd Lodge\"},\"image\":{\"@id\":\"https:\\\/\\\/wasai.com\\\/en\\\/#\\\/schema\\\/logo\\\/image\\\/\"},\"sameAs\":[\"https:\\\/\\\/www.facebook.com\\\/wasaiecolodge\\\/?locale=es_LA\",\"https:\\\/\\\/www.instagram.com\\\/wasailodge\\\/\"]}]}<\/script>\n<!-- \/ Yoast SEO plugin. -->","yoast_head_json":{"title":"Special Tours - Wasai Lodge","robots":{"index":"index","follow":"follow","max-snippet":"max-snippet:-1","max-image-preview":"max-image-preview:large","max-video-preview":"max-video-preview:-1"},"canonical":"https:\/\/wasai.com\/es\/special-tours\/","og_locale":"es_ES","og_type":"article","og_title":"Special Tours - Wasai Lodge","og_description":"SPECIAL TOURS\u200b Our Special Tours offer unique, immersive experiences that go beyond traditional Amazon adventures. Choose from expertly guided birdwatching tours for close encounters with Tambopata&#8217;s diverse avian species, educational programs designed for deeper insights into the rainforest ecosystem, and Ayahuasca healing retreats led by experienced shamans for personal transformation. Each tour is thoughtfully crafted [&hellip;]","og_url":"https:\/\/wasai.com\/es\/special-tours\/","og_site_name":"Wasai Lodge","article_publisher":"https:\/\/www.facebook.com\/wasaiecolodge\/?locale=es_LA","article_modified_time":"2025-11-25T07:20:36+00:00","twitter_card":"summary_large_image","twitter_misc":{"Tiempo de lectura":"1 minuto"},"schema":{"@context":"https:\/\/schema.org","@graph":[{"@type":"WebPage","@id":"https:\/\/wasai.com\/special-tours\/","url":"https:\/\/wasai.com\/special-tours\/","name":"Special Tours - Wasai Lodge","isPartOf":{"@id":"https:\/\/wasai.com\/en\/#website"},"datePublished":"2025-08-25T01:42:48+00:00","dateModified":"2025-11-25T07:20:36+00:00","breadcrumb":{"@id":"https:\/\/wasai.com\/special-tours\/#breadcrumb"},"inLanguage":"es","potentialAction":[{"@type":"ReadAction","target":["https:\/\/wasai.com\/special-tours\/"]}]},{"@type":"BreadcrumbList","@id":"https:\/\/wasai.com\/special-tours\/#breadcrumb","itemListElement":[{"@type":"ListItem","position":1,"name":"Home","item":"https:\/\/wasai.com\/en\/"},{"@type":"ListItem","position":2,"name":"Special Tours"}]},{"@type":"WebSite","@id":"https:\/\/wasai.com\/en\/#website","url":"https:\/\/wasai.com\/en\/","name":"Wasai Lodge","description":"","publisher":{"@id":"https:\/\/wasai.com\/en\/#organization"},"potentialAction":[{"@type":"SearchAction","target":{"@type":"EntryPoint","urlTemplate":"https:\/\/wasai.com\/en\/?s={search_term_string}"},"query-input":{"@type":"PropertyValueSpecification","valueRequired":true,"valueName":"search_term_string"}}],"inLanguage":"es"},{"@type":"Organization","@id":"https:\/\/wasai.com\/en\/#organization","name":"Wasa\u00cd Lodge","url":"https:\/\/wasai.com\/en\/","logo":{"@type":"ImageObject","inLanguage":"es","@id":"https:\/\/wasai.com\/en\/#\/schema\/logo\/image\/","url":"https:\/\/wasai.com\/wp-content\/uploads\/2026\/01\/favicon-wasai.webp","contentUrl":"https:\/\/wasai.com\/wp-content\/uploads\/2026\/01\/favicon-wasai.webp","width":500,"height":500,"caption":"Wasa\u00cd Lodge"},"image":{"@id":"https:\/\/wasai.com\/en\/#\/schema\/logo\/image\/"},"sameAs":["https:\/\/www.facebook.com\/wasaiecolodge\/?locale=es_LA","https:\/\/www.instagram.com\/wasailodge\/"]}]}},"_links":{"self":[{"href":"https:\/\/wasai.com\/es\/wp-json\/wp\/v2\/pages\/482","targetHints":{"allow":["GET"]}}],"collection":[{"href":"https:\/\/wasai.com\/es\/wp-json\/wp\/v2\/pages"}],"about":[{"href":"https:\/\/wasai.com\/es\/wp-json\/wp\/v2\/types\/page"}],"author":[{"embeddable":true,"href":"https:\/\/wasai.com\/es\/wp-json\/wp\/v2\/users\/1"}],"replies":[{"embeddable":true,"href":"https:\/\/wasai.com\/es\/wp-json\/wp\/v2\/comments?post=482"}],"version-history":[{"count":43,"href":"https:\/\/wasai.com\/es\/wp-json\/wp\/v2\/pages\/482\/revisions"}],"predecessor-version":[{"id":2354,"href":"https:\/\/wasai.com\/es\/wp-json\/wp\/v2\/pages\/482\/revisions\/2354"}],"wp:attachment":[{"href":"https:\/\/wasai.com\/es\/wp-json\/wp\/v2\/media?parent=482"}],"curies":[{"name":"wp","href":"https:\/\/api.w.org\/{rel}","templated":true}]}}